{"id":3,"date":"2025-07-17T12:36:16","date_gmt":"2025-07-17T12:36:16","guid":{"rendered":"https:\/\/www.ernas-essen.ch\/?page_id=3"},"modified":"2025-07-18T14:20:57","modified_gmt":"2025-07-18T14:20:57","slug":"privacy-policy","status":"publish","type":"page","link":"https:\/\/www.ernas-essen.ch\/?page_id=3","title":{"rendered":"Privacy Policy"},"content":{"rendered":"\n<h2 class=\"wp-block-heading has-text-align-center\">Datenschutzerkl\u00e4rung<\/h2>\n\n\n\n<h2 class=\"wp-block-heading has-text-align-center\">1. Allgemeine Hinweise<\/h2>\n\n\n\n<p class=\"has-text-align-center\">Der Schutz Ihrer pers\u00f6nlichen Daten ist uns ein wichtiges Anliegen. Wir behandeln Ihre personenbezogenen Daten vertraulich und entsprechend den gesetzlichen Datenschutzvorschriften der Schweiz (insbesondere dem Bundesgesetz \u00fcber den Datenschutz, DSG) sowie dieser Datenschutzerkl\u00e4rung.<\/p>\n\n\n\n<h2 class=\"wp-block-heading has-text-align-center\">2. Verantwortliche Stelle<\/h2>\n\n\n\n<p class=\"has-text-align-center\">Verantwortlich f\u00fcr die Datenbearbeitung auf dieser Website ist:<\/p>\n\n\n\n<p class=\"has-text-align-center\">Erna&#8217;s mexikaneisches Essen<br>Walter H\u00e4ni<br>Ziegelhofstrasse 22<br>8862 Sch\u00fcbelbach<br>info@ernas-essen.ch<\/p>\n\n\n\n<h2 class=\"wp-block-heading has-text-align-center\">3. Erhebung und Speicherung personenbezogener Daten<\/h2>\n\n\n\n<p class=\"has-text-align-center\">Beim Besuch unserer Website werden automatisch Informationen allgemeiner Natur erfasst. Diese Informationen (Server-Logfiles) beinhalten etwa die Art des Webbrowsers, das verwendete Betriebssystem, den Domainnamen Ihres Internet-Service-Providers und \u00e4hnliches. Hierbei handelt es sich ausschliesslich um Informationen, welche keine R\u00fcckschl\u00fcsse auf Ihre Person zulassen.<\/p>\n\n\n\n<h4 class=\"wp-block-heading has-text-align-center\">Kontaktaufnahme<\/h4>\n\n\n\n<p class=\"has-text-align-center\">Wenn Sie uns per E-Mail oder Kontaktformular kontaktieren, werden Ihre Angaben zur Bearbeitung der Anfrage sowie f\u00fcr m\u00f6gliche Anschlussfragen gespeichert.<\/p>\n\n\n\n<h2 class=\"wp-block-heading has-text-align-center\">4. Verwendung von Google Fonts<\/h2>\n\n\n\n<p class=\"has-text-align-center\">Unsere Website verwendet zur einheitlichen Darstellung von Schriftarten sogenannte\u00a0<strong>Google Fonts<\/strong>, die von Google bereitgestellt werden. Beim Aufruf einer Seite l\u00e4dt Ihr Browser die ben\u00f6tigten Fonts in ihren Browser-Cache, um Texte und Schriftarten korrekt anzuzeigen.<br>Zu diesem Zweck muss der von Ihnen verwendete Browser Verbindung zu den Servern von Google aufnehmen. Hierdurch erlangt Google Kenntnis dar\u00fcber, dass \u00fcber Ihre IP-Adresse unsere Website aufgerufen wurde.<\/p>\n\n\n\n<p class=\"has-text-align-center\"><strong>Weitere Informationen zu Google Fonts finden Sie unter:<\/strong><br><a href=\"https:\/\/developers.google.com\/fonts\/faq\" target=\"_blank\" rel=\"noreferrer noopener\">https:\/\/developers.google.com\/fonts\/faq<\/a><br><strong>Datenschutzerkl\u00e4rung von Google:<\/strong><br><a href=\"https:\/\/policies.google.com\/privacy?hl=de\" target=\"_blank\" rel=\"noreferrer noopener\">https:\/\/policies.google.com\/privacy?hl=de<\/a><\/p>\n\n\n\n<h2 class=\"wp-block-heading has-text-align-center\">5. Verwendung von Google Analytics<\/h2>\n\n\n\n<p class=\"has-text-align-center\">Unsere Website benutzt\u00a0<strong>Google Analytics<\/strong>, einen Webanalysedienst der Google LLC, USA. Google Analytics verwendet sog. \u201eCookies\u201c, Textdateien, die auf Ihrem Computer gespeichert werden und die eine Analyse der Benutzung der Website durch Sie erm\u00f6glichen. Die durch das Cookie erzeugten Informationen \u00fcber Ihre Benutzung dieser Website werden in der Regel an einen Server von Google in den USA \u00fcbertragen und dort gespeichert.<\/p>\n\n\n\n<p class=\"has-text-align-center\">Sie k\u00f6nnen die Speicherung der Cookies durch eine entsprechende Einstellung Ihrer Browser-Software verhindern; wir weisen jedoch darauf hin, dass Sie in diesem Fall gegebenenfalls nicht s\u00e4mtliche Funktionen dieser Website vollumf\u00e4nglich werden nutzen k\u00f6nnen.<\/p>\n\n\n\n<p class=\"has-text-align-center\">Weitere Informationen zu Google Analytics finden Sie in der Datenschutzerkl\u00e4rung von Google:<br><a href=\"https:\/\/support.google.com\/analytics\/answer\/6004245?hl=de\" target=\"_blank\" rel=\"noreferrer noopener\">https:\/\/support.google.com\/analytics\/answer\/6004245?hl=de<\/a><\/p>\n\n\n\n<h2 class=\"wp-block-heading has-text-align-center\">6. Ihre Rechte<\/h2>\n\n\n\n<p class=\"has-text-align-center\">Sie haben im Rahmen des auf Sie anwendbaren Rechts (insbesondere des Schweizer Datenschutzgesetzes) das Recht auf Auskunft, Berichtigung, L\u00f6schung, Einschr\u00e4nkung der Bearbeitung und \u00dcbertragung Ihrer Daten. Bei Fragen oder zur Aus\u00fcbung Ihrer Rechte wenden Sie sich bitte an die oben genannte Kontaktadresse.<\/p>\n\n\n\n<h2 class=\"wp-block-heading has-text-align-center\">7. \u00c4nderungen<\/h2>\n\n\n\n<p class=\"has-text-align-center\">Wir behalten uns vor, diese Datenschutzerkl\u00e4rung jederzeit zu \u00e4ndern. Es gilt jeweils die auf dieser Webseite ver\u00f6ffentlichte Version.<\/p>\n","protected":false},"excerpt":{"rendered":"<p>Datenschutzerkl\u00e4rung 1. Allgemeine Hinweise Der Schutz Ihrer pers\u00f6nlichen Daten ist uns ein wichtiges Anliegen. Wir behandeln Ihre personenbezogenen Daten vertraulich und entsprechend den gesetzlichen Datenschutzvorschriften der Schweiz (insbesondere dem Bundesgesetz \u00fcber den Datenschutz, DSG) sowie dieser Datenschutzerkl\u00e4rung. 2. Verantwortliche Stelle Verantwortlich f\u00fcr die Datenbearbeitung auf dieser Website ist: Erna&#8217;s mexikaneisches EssenWalter H\u00e4niZiegelhofstrasse 228862 Sch\u00fcbelbachinfo@ernas-essen.ch 3.<br \/><a class=\"moretag\" href=\"https:\/\/www.ernas-essen.ch\/?page_id=3\">+ Read More<\/a><\/p>\n","protected":false},"author":1,"featured_media":0,"parent":0,"menu_order":0,"comment_status":"closed","ping_status":"closed","template":"templates\/page-builder.php","meta":{"footnotes":""},"class_list":["post-3","page","type-page","status-publish","hentry"],"featured_image_src":false,"featured_image_src_square":false,"rbea_author_info":{"display_name":"admin","author_link":"https:\/\/www.ernas-essen.ch\/?author=1"},"rbea_excerpt_info":"Datenschutzerkl\u00e4rung 1. Allgemeine Hinweise Der Schutz Ihrer pers\u00f6nlichen Daten ist uns ein wichtiges Anliegen. Wir behandeln Ihre personenbezogenen Daten vertraulich und entsprechend den gesetzlichen Datenschutzvorschriften der Schweiz (insbesondere dem Bundesgesetz \u00fcber den Datenschutz, DSG) sowie dieser Datenschutzerkl\u00e4rung. 2. Verantwortliche Stelle Verantwortlich f\u00fcr die Datenbearbeitung auf dieser Website ist: Erna&#8217;s mexikaneisches EssenWalter H\u00e4niZiegelhofstrasse 228862 Sch\u00fcbelbachinfo@ernas-essen.ch 3.<br><a class=\"moretag\" href=\"https:\/\/www.ernas-essen.ch\/?page_id=3\">+ Read More<\/a>","_links":{"self":[{"href":"https:\/\/www.ernas-essen.ch\/index.php?rest_route=\/wp\/v2\/pages\/3","targetHints":{"allow":["GET"]}}],"collection":[{"href":"https:\/\/www.ernas-essen.ch\/index.php?rest_route=\/wp\/v2\/pages"}],"about":[{"href":"https:\/\/www.ernas-essen.ch\/index.php?rest_route=\/wp\/v2\/types\/page"}],"author":[{"embeddable":true,"href":"https:\/\/www.ernas-essen.ch\/index.php?rest_route=\/wp\/v2\/users\/1"}],"replies":[{"embeddable":true,"href":"https:\/\/www.ernas-essen.ch\/index.php?rest_route=%2Fwp%2Fv2%2Fcomments&post=3"}],"version-history":[{"count":5,"href":"https:\/\/www.ernas-essen.ch\/index.php?rest_route=\/wp\/v2\/pages\/3\/revisions"}],"predecessor-version":[{"id":183,"href":"https:\/\/www.ernas-essen.ch\/index.php?rest_route=\/wp\/v2\/pages\/3\/revisions\/183"}],"wp:attachment":[{"href":"https:\/\/www.ernas-essen.ch\/index.php?rest_route=%2Fwp%2Fv2%2Fmedia&parent=3"}],"curies":[{"name":"wp","href":"https:\/\/api.w.org\/{rel}","templated":true}]}}