{"id":13,"date":"2025-07-17T12:55:27","date_gmt":"2025-07-17T12:55:27","guid":{"rendered":"https:\/\/www.ernas-essen.ch\/?page_id=13"},"modified":"2025-07-18T14:27:53","modified_gmt":"2025-07-18T14:27:53","slug":"unser-angebot","status":"publish","type":"page","link":"https:\/\/www.ernas-essen.ch\/?page_id=13","title":{"rendered":"Unser Angebot"},"content":{"rendered":"\n<h2 class=\"wp-block-heading has-text-align-center\">Unser Angebot<\/h2>\n\n\n\n<p class=\"has-text-align-center\">Lust auf ein bisschen Mexiko? <br>Bei uns k\u00f6nnt ihr die k\u00f6stlichen Klassiker geniessen,<br>immer frisch zubereitet und nach Wunsch kombiniert:<\/p>\n\n\n\n<p class=\"has-text-align-center\"><strong>Fajitas<\/strong><br>W\u00e4hlt eure Lieblingsf\u00fcllung!<br><\/p>\n\n\n\n<p class=\"has-text-align-center\"><strong>Poulet (H\u00e4hnchen):<br><\/strong> Zart mariniertes H\u00e4hnchenfleisch, <br>angebraten mit knackigem Gem\u00fcse und leckeren Gew\u00fcrzen<br><strong>Rind: <br><\/strong>Herzhafte Rindfleischstreifen, <br>saftig gebraten und w\u00fcrzig abgeschmeckt<br><strong>Vegetarisch: <br><\/strong>Eine bunte Mischung aus Bohnen und Gem\u00fcse, <br>perfekt f\u00fcr alle, die es fleischlos m\u00f6gen<\/p>\n\n\n\n<ul class=\"wp-block-list\">\n<li><\/li>\n<\/ul>\n\n\n\n<p class=\"has-text-align-center\">Alle Fajitas werden frisch in einer warmen Tortilla serviert,<br> auf Wunsch mit hausgemachten Saucen und Toppings.<\/p>\n\n\n\n<p class=\"has-text-align-center\"><strong>Nacho Chips mit Guacamole<\/strong><br>Knusprige Maistortilla-Chips, dazu unsere cremige Guacamole. <br>Perfekt als Snack f\u00fcr zwischendurch \u2013 einfach zum Teilen oder selbst Geniessen!<\/p>\n\n\n\n<p class=\"has-text-align-center\">Kommt vorbei und entdeckt unsere mexikanischen Spezialit\u00e4ten \u2013 wir freuen uns auf euch!<\/p>\n\n\n\n<figure class=\"wp-block-gallery has-nested-images columns-default is-cropped wp-block-gallery-1 is-layout-flex wp-block-gallery-is-layout-flex\">\n<figure class=\"wp-block-image size-large is-style-rounded\"><img loading=\"lazy\" decoding=\"async\" width=\"768\" height=\"1024\" data-id=\"166\" src=\"https:\/\/www.ernas-essen.ch\/wp-content\/uploads\/2025\/07\/IMG-20250717-WA0047-768x1024.jpg\" alt=\"\" class=\"wp-image-166\" srcset=\"https:\/\/www.ernas-essen.ch\/wp-content\/uploads\/2025\/07\/IMG-20250717-WA0047-768x1024.jpg 768w, https:\/\/www.ernas-essen.ch\/wp-content\/uploads\/2025\/07\/IMG-20250717-WA0047-225x300.jpg 225w, https:\/\/www.ernas-essen.ch\/wp-content\/uploads\/2025\/07\/IMG-20250717-WA0047-1152x1536.jpg 1152w, https:\/\/www.ernas-essen.ch\/wp-content\/uploads\/2025\/07\/IMG-20250717-WA0047.jpg 1536w\" sizes=\"auto, (max-width: 768px) 100vw, 768px\" \/><\/figure>\n\n\n\n<figure class=\"wp-block-image size-large is-style-rounded\"><img loading=\"lazy\" decoding=\"async\" width=\"1024\" height=\"768\" data-id=\"164\" src=\"https:\/\/www.ernas-essen.ch\/wp-content\/uploads\/2025\/07\/IMG-20250717-WA0045-1024x768.jpg\" alt=\"\" class=\"wp-image-164\" srcset=\"https:\/\/www.ernas-essen.ch\/wp-content\/uploads\/2025\/07\/IMG-20250717-WA0045-1024x768.jpg 1024w, https:\/\/www.ernas-essen.ch\/wp-content\/uploads\/2025\/07\/IMG-20250717-WA0045-300x225.jpg 300w, https:\/\/www.ernas-essen.ch\/wp-content\/uploads\/2025\/07\/IMG-20250717-WA0045-768x576.jpg 768w, https:\/\/www.ernas-essen.ch\/wp-content\/uploads\/2025\/07\/IMG-20250717-WA0045-1536x1152.jpg 1536w, https:\/\/www.ernas-essen.ch\/wp-content\/uploads\/2025\/07\/IMG-20250717-WA0045.jpg 2048w\" sizes=\"auto, (max-width: 1024px) 100vw, 1024px\" \/><\/figure>\n\n\n\n<figure class=\"wp-block-image size-large is-style-rounded\"><img loading=\"lazy\" decoding=\"async\" width=\"768\" height=\"1024\" data-id=\"167\" src=\"https:\/\/www.ernas-essen.ch\/wp-content\/uploads\/2025\/07\/IMG-20250717-WA0048-768x1024.jpg\" alt=\"\" class=\"wp-image-167\" srcset=\"https:\/\/www.ernas-essen.ch\/wp-content\/uploads\/2025\/07\/IMG-20250717-WA0048-768x1024.jpg 768w, https:\/\/www.ernas-essen.ch\/wp-content\/uploads\/2025\/07\/IMG-20250717-WA0048-225x300.jpg 225w, https:\/\/www.ernas-essen.ch\/wp-content\/uploads\/2025\/07\/IMG-20250717-WA0048-1152x1536.jpg 1152w, https:\/\/www.ernas-essen.ch\/wp-content\/uploads\/2025\/07\/IMG-20250717-WA0048.jpg 1536w\" sizes=\"auto, (max-width: 768px) 100vw, 768px\" \/><\/figure>\n\n\n\n<figure class=\"wp-block-image size-large is-style-rounded\"><img loading=\"lazy\" decoding=\"async\" width=\"1024\" height=\"768\" data-id=\"165\" src=\"https:\/\/www.ernas-essen.ch\/wp-content\/uploads\/2025\/07\/IMG-20250717-WA0046-1024x768.jpg\" alt=\"\" class=\"wp-image-165\" srcset=\"https:\/\/www.ernas-essen.ch\/wp-content\/uploads\/2025\/07\/IMG-20250717-WA0046-1024x768.jpg 1024w, https:\/\/www.ernas-essen.ch\/wp-content\/uploads\/2025\/07\/IMG-20250717-WA0046-300x225.jpg 300w, https:\/\/www.ernas-essen.ch\/wp-content\/uploads\/2025\/07\/IMG-20250717-WA0046-768x576.jpg 768w, https:\/\/www.ernas-essen.ch\/wp-content\/uploads\/2025\/07\/IMG-20250717-WA0046-1536x1152.jpg 1536w, https:\/\/www.ernas-essen.ch\/wp-content\/uploads\/2025\/07\/IMG-20250717-WA0046.jpg 2048w\" sizes=\"auto, (max-width: 1024px) 100vw, 1024px\" \/><\/figure>\n<\/figure>\n","protected":false},"excerpt":{"rendered":"<p>Unser Angebot Lust auf ein bisschen Mexiko? Bei uns k\u00f6nnt ihr die k\u00f6stlichen Klassiker geniessen,immer frisch zubereitet und nach Wunsch kombiniert: FajitasW\u00e4hlt eure Lieblingsf\u00fcllung! Poulet (H\u00e4hnchen): Zart mariniertes H\u00e4hnchenfleisch, angebraten mit knackigem Gem\u00fcse und leckeren Gew\u00fcrzenRind: Herzhafte Rindfleischstreifen, saftig gebraten und w\u00fcrzig abgeschmecktVegetarisch: Eine bunte Mischung aus Bohnen und Gem\u00fcse, perfekt f\u00fcr alle, die es<br \/><a class=\"moretag\" href=\"https:\/\/www.ernas-essen.ch\/?page_id=13\">+ Read More<\/a><\/p>\n","protected":false},"author":1,"featured_media":0,"parent":0,"menu_order":0,"comment_status":"closed","ping_status":"closed","template":"templates\/page-builder.php","meta":{"footnotes":""},"class_list":["post-13","page","type-page","status-publish","hentry"],"featured_image_src":false,"featured_image_src_square":false,"rbea_author_info":{"display_name":"admin","author_link":"https:\/\/www.ernas-essen.ch\/?author=1"},"rbea_excerpt_info":"Unser Angebot Lust auf ein bisschen Mexiko? Bei uns k\u00f6nnt ihr die k\u00f6stlichen Klassiker geniessen,immer frisch zubereitet und nach Wunsch kombiniert: FajitasW\u00e4hlt eure Lieblingsf\u00fcllung! Poulet (H\u00e4hnchen): Zart mariniertes H\u00e4hnchenfleisch, angebraten mit knackigem Gem\u00fcse und leckeren Gew\u00fcrzenRind: Herzhafte Rindfleischstreifen, saftig gebraten und w\u00fcrzig abgeschmecktVegetarisch: Eine bunte Mischung aus Bohnen und Gem\u00fcse, perfekt f\u00fcr alle, die es<br><a class=\"moretag\" href=\"https:\/\/www.ernas-essen.ch\/?page_id=13\">+ Read More<\/a>","_links":{"self":[{"href":"https:\/\/www.ernas-essen.ch\/index.php?rest_route=\/wp\/v2\/pages\/13","targetHints":{"allow":["GET"]}}],"collection":[{"href":"https:\/\/www.ernas-essen.ch\/index.php?rest_route=\/wp\/v2\/pages"}],"about":[{"href":"https:\/\/www.ernas-essen.ch\/index.php?rest_route=\/wp\/v2\/types\/page"}],"author":[{"embeddable":true,"href":"https:\/\/www.ernas-essen.ch\/index.php?rest_route=\/wp\/v2\/users\/1"}],"replies":[{"embeddable":true,"href":"https:\/\/www.ernas-essen.ch\/index.php?rest_route=%2Fwp%2Fv2%2Fcomments&post=13"}],"version-history":[{"count":13,"href":"https:\/\/www.ernas-essen.ch\/index.php?rest_route=\/wp\/v2\/pages\/13\/revisions"}],"predecessor-version":[{"id":190,"href":"https:\/\/www.ernas-essen.ch\/index.php?rest_route=\/wp\/v2\/pages\/13\/revisions\/190"}],"wp:attachment":[{"href":"https:\/\/www.ernas-essen.ch\/index.php?rest_route=%2Fwp%2Fv2%2Fmedia&parent=13"}],"curies":[{"name":"wp","href":"https:\/\/api.w.org\/{rel}","templated":true}]}}