{"id":11,"date":"2025-07-17T12:55:04","date_gmt":"2025-07-17T12:55:04","guid":{"rendered":"https:\/\/www.ernas-essen.ch\/?page_id=11"},"modified":"2025-07-18T14:25:03","modified_gmt":"2025-07-18T14:25:03","slug":"ueber-uns","status":"publish","type":"page","link":"https:\/\/www.ernas-essen.ch\/?page_id=11","title":{"rendered":"\u00dcber uns"},"content":{"rendered":"\n<h2 class=\"wp-block-heading has-text-align-center\">Unser Traum vom eigenen Imbisswagen<\/h2>\n\n\n\n<p class=\"has-text-align-center\">Vor wenigen Jahren haben wir uns einen gro\u00dfen Traum erf\u00fcllt: <br><strong>unseren eigenen Imbisswagen<\/strong>. <br>Was als kleine Idee begann, wurde schnell zu einer echten Herzensangelegenheit. <br>Mit viel Liebe zum Detail, Leidenschaft f\u00fcrs Kochen und dem Wunsch, <br>unseren G\u00e4sten besondere Geschmacksmomente zu bieten, sind wir gestartet.<\/p>\n\n\n\n<p class=\"has-text-align-center\">Seitdem sind wir mit unserem Imbisswagen unterwegs und bringen frische, <br>leckere Speisen direkt zu euch \u2013 auf Wochenm\u00e4rkte, Events, Firmenfeiern oder einfach dort, <br>wo gutes Essen und gute Laune gefragt sind. <br>Wir legen Wert auf hochwertige Zutaten, freundlichen Service und eine Atmosph\u00e4re, <br>in der sich jeder willkommen f\u00fchlt.<\/p>\n\n\n\n<h3 class=\"wp-block-heading has-text-align-center\">Unser Angebot: Mexikanisches Essen<\/h3>\n\n\n\n<p class=\"has-text-align-center\">Unsere gro\u00dfe Leidenschaft gilt der <strong>mexikanischen K\u00fcche<\/strong>! <br>Wir lieben die Vielfalt, die Frische und die intensiven Aromen, <br>die diese K\u00fcche auszeichnen. <br>Stolz sind wir auf unsere <strong>Fajitas<\/strong> und <strong>Nachos<\/strong> \u2013 zwei Klassiker, <br>die bei unseren G\u00e4sten besonders beliebt sind:<\/p>\n\n\n\n<ul class=\"wp-block-list\">\n<li><strong>Fajitas:<\/strong> Frisch gebratene Zutaten, w\u00fcrzig mariniertes Fleisch oder vegetarische Varianten, dazu knackiges Gem\u00fcse und feine Saucen \u2013 alles liebevoll in einer warmen Tortilla serviert.<\/li>\n\n\n\n<li><strong>Nachos:<\/strong> Knusprige Tortilla-Chips, serviert mit einer Auswahl an leckeren Dips wie Guacamole, Salsa und Sour Cream, auf Wunsch auch \u00fcberbacken mit w\u00fcrzigem K\u00e4se und pikanten Toppings.<\/li>\n<\/ul>\n\n\n\n<p class=\"has-text-align-center\">Ob knackige Snacks, herzhafte Klassiker  \u2013 bei uns kommt jeder auf den Geschmack! <br>Probiert es aus und besucht uns an unserem Imbisswagen. <br>Wir freuen uns auf euren Besuch und darauf, <br>euch mit mexikanischer Lebensfreude und leckeren Gerichten zu verw\u00f6hnen!<\/p>\n\n\n\n<h2 class=\"wp-block-heading has-text-align-center\">Unsere Adresse<\/h2>\n\n\n\n<p class=\"has-text-align-center\">Erna&#8217;s mexikaneisches Essen<br>Walter H\u00e4ni<br>Ziegelhofstrasse 22<br>8862 Sch\u00fcbelbach<br>info@ernas-essen.ch<\/p>\n\n\n\n<figure class=\"wp-block-gallery has-nested-images columns-default is-cropped wp-block-gallery-1 is-layout-flex wp-block-gallery-is-layout-flex\"><div class=\"wp-block-image\">\n<figure class=\"aligncenter size-large\"><img loading=\"lazy\" decoding=\"async\" width=\"768\" height=\"1024\" data-id=\"145\" src=\"https:\/\/www.ernas-essen.ch\/wp-content\/uploads\/2025\/07\/IMG-20250717-WA0051-768x1024.jpg\" alt=\"\" class=\"wp-image-145\" srcset=\"https:\/\/www.ernas-essen.ch\/wp-content\/uploads\/2025\/07\/IMG-20250717-WA0051-768x1024.jpg 768w, https:\/\/www.ernas-essen.ch\/wp-content\/uploads\/2025\/07\/IMG-20250717-WA0051-225x300.jpg 225w, https:\/\/www.ernas-essen.ch\/wp-content\/uploads\/2025\/07\/IMG-20250717-WA0051-1152x1536.jpg 1152w, https:\/\/www.ernas-essen.ch\/wp-content\/uploads\/2025\/07\/IMG-20250717-WA0051.jpg 1200w\" sizes=\"auto, (max-width: 768px) 100vw, 768px\" \/><\/figure>\n<\/div>\n\n\n<figure class=\"wp-block-image size-large\"><img loading=\"lazy\" decoding=\"async\" width=\"768\" height=\"1024\" data-id=\"144\" src=\"https:\/\/www.ernas-essen.ch\/wp-content\/uploads\/2025\/07\/IMG-20250717-WA0050-768x1024.jpg\" alt=\"\" class=\"wp-image-144\" srcset=\"https:\/\/www.ernas-essen.ch\/wp-content\/uploads\/2025\/07\/IMG-20250717-WA0050-768x1024.jpg 768w, https:\/\/www.ernas-essen.ch\/wp-content\/uploads\/2025\/07\/IMG-20250717-WA0050-225x300.jpg 225w, https:\/\/www.ernas-essen.ch\/wp-content\/uploads\/2025\/07\/IMG-20250717-WA0050-1152x1536.jpg 1152w, https:\/\/www.ernas-essen.ch\/wp-content\/uploads\/2025\/07\/IMG-20250717-WA0050.jpg 1536w\" sizes=\"auto, (max-width: 768px) 100vw, 768px\" \/><\/figure>\n\n\n\n<figure class=\"wp-block-image size-large\"><img loading=\"lazy\" decoding=\"async\" width=\"768\" height=\"1024\" data-id=\"143\" src=\"https:\/\/www.ernas-essen.ch\/wp-content\/uploads\/2025\/07\/IMG-20250717-WA0049-768x1024.jpg\" alt=\"\" class=\"wp-image-143\" srcset=\"https:\/\/www.ernas-essen.ch\/wp-content\/uploads\/2025\/07\/IMG-20250717-WA0049-768x1024.jpg 768w, https:\/\/www.ernas-essen.ch\/wp-content\/uploads\/2025\/07\/IMG-20250717-WA0049-225x300.jpg 225w, https:\/\/www.ernas-essen.ch\/wp-content\/uploads\/2025\/07\/IMG-20250717-WA0049-1152x1536.jpg 1152w, https:\/\/www.ernas-essen.ch\/wp-content\/uploads\/2025\/07\/IMG-20250717-WA0049.jpg 1536w\" sizes=\"auto, (max-width: 768px) 100vw, 768px\" \/><\/figure>\n\n\n\n<figure class=\"wp-block-image size-large\"><img loading=\"lazy\" decoding=\"async\" width=\"768\" height=\"1024\" data-id=\"136\" src=\"https:\/\/www.ernas-essen.ch\/wp-content\/uploads\/2025\/07\/IMG-20250717-WA0042-768x1024.jpg\" alt=\"\" class=\"wp-image-136\" srcset=\"https:\/\/www.ernas-essen.ch\/wp-content\/uploads\/2025\/07\/IMG-20250717-WA0042-768x1024.jpg 768w, https:\/\/www.ernas-essen.ch\/wp-content\/uploads\/2025\/07\/IMG-20250717-WA0042-225x300.jpg 225w, https:\/\/www.ernas-essen.ch\/wp-content\/uploads\/2025\/07\/IMG-20250717-WA0042-1152x1536.jpg 1152w, https:\/\/www.ernas-essen.ch\/wp-content\/uploads\/2025\/07\/IMG-20250717-WA0042.jpg 1536w\" sizes=\"auto, (max-width: 768px) 100vw, 768px\" \/><\/figure>\n<\/figure>\n","protected":false},"excerpt":{"rendered":"<p>Unser Traum vom eigenen Imbisswagen Vor wenigen Jahren haben wir uns einen gro\u00dfen Traum erf\u00fcllt: unseren eigenen Imbisswagen. Was als kleine Idee begann, wurde schnell zu einer echten Herzensangelegenheit. Mit viel Liebe zum Detail, Leidenschaft f\u00fcrs Kochen und dem Wunsch, unseren G\u00e4sten besondere Geschmacksmomente zu bieten, sind wir gestartet. Seitdem sind wir mit unserem Imbisswagen<br \/><a class=\"moretag\" href=\"https:\/\/www.ernas-essen.ch\/?page_id=11\">+ Read More<\/a><\/p>\n","protected":false},"author":1,"featured_media":0,"parent":0,"menu_order":0,"comment_status":"closed","ping_status":"closed","template":"templates\/page-builder.php","meta":{"footnotes":""},"class_list":["post-11","page","type-page","status-publish","hentry"],"featured_image_src":false,"featured_image_src_square":false,"rbea_author_info":{"display_name":"admin","author_link":"https:\/\/www.ernas-essen.ch\/?author=1"},"rbea_excerpt_info":"Unser Traum vom eigenen Imbisswagen Vor wenigen Jahren haben wir uns einen gro\u00dfen Traum erf\u00fcllt: unseren eigenen Imbisswagen. Was als kleine Idee begann, wurde schnell zu einer echten Herzensangelegenheit. Mit viel Liebe zum Detail, Leidenschaft f\u00fcrs Kochen und dem Wunsch, unseren G\u00e4sten besondere Geschmacksmomente zu bieten, sind wir gestartet. Seitdem sind wir mit unserem Imbisswagen<br><a class=\"moretag\" href=\"https:\/\/www.ernas-essen.ch\/?page_id=11\">+ Read More<\/a>","_links":{"self":[{"href":"https:\/\/www.ernas-essen.ch\/index.php?rest_route=\/wp\/v2\/pages\/11","targetHints":{"allow":["GET"]}}],"collection":[{"href":"https:\/\/www.ernas-essen.ch\/index.php?rest_route=\/wp\/v2\/pages"}],"about":[{"href":"https:\/\/www.ernas-essen.ch\/index.php?rest_route=\/wp\/v2\/types\/page"}],"author":[{"embeddable":true,"href":"https:\/\/www.ernas-essen.ch\/index.php?rest_route=\/wp\/v2\/users\/1"}],"replies":[{"embeddable":true,"href":"https:\/\/www.ernas-essen.ch\/index.php?rest_route=%2Fwp%2Fv2%2Fcomments&post=11"}],"version-history":[{"count":10,"href":"https:\/\/www.ernas-essen.ch\/index.php?rest_route=\/wp\/v2\/pages\/11\/revisions"}],"predecessor-version":[{"id":186,"href":"https:\/\/www.ernas-essen.ch\/index.php?rest_route=\/wp\/v2\/pages\/11\/revisions\/186"}],"wp:attachment":[{"href":"https:\/\/www.ernas-essen.ch\/index.php?rest_route=%2Fwp%2Fv2%2Fmedia&parent=11"}],"curies":[{"name":"wp","href":"https:\/\/api.w.org\/{rel}","templated":true}]}}